{"id":3427,"date":"2026-01-22T15:10:12","date_gmt":"2026-01-22T15:10:12","guid":{"rendered":"https:\/\/www.xclinic.pt\/?page_id=3427"},"modified":"2026-01-26T21:48:15","modified_gmt":"2026-01-26T21:48:15","slug":"mamografia-tomossintese-adse","status":"publish","type":"page","link":"https:\/\/www.xclinic.pt\/en\/acordos\/mamografia-tomossintese-adse","title":{"rendered":"Mamografia com Tomoss\u00edntese pela ADSE"},"content":{"rendered":"\t\t<div data-elementor-type=\"wp-page\" data-elementor-id=\"3427\" class=\"elementor elementor-3427\" data-elementor-post-type=\"page\">\n\t\t\t\t<div class=\"elementor-element elementor-element-46bedfb e-con-full e-flex e-con e-parent\" data-id=\"46bedfb\" data-element_type=\"container\">\n\t\t\t\t<div class=\"elementor-element elementor-element-920267d elementor-widget elementor-widget-html\" data-id=\"920267d\" data-element_type=\"widget\" data-widget_type=\"html.default\">\n\t\t\t\t<div class=\"elementor-widget-container\">\n\t\t\t\t\t<style>\n\n    \n    h2{\n        color: #3ABAD9;\n  font-family: Lato;\n  font-size: 25px;\n  font-weight: bold;\n  letter-spacing: 0;\n  line-height: 30px;\n  margin: 0;\n  margin-top: 30px;\n  margin-bottom: 15px;\n    }\n    \n    h3,h4,h5{\n          color: #3ABAD9;\n  font-family: Lato;\n  font-size: 20px;\n  font-weight: 600;\n  letter-spacing: 0;\n  line-height: 22px;\n    margin: 0;\n    margin-top: 25px;\n  margin-bottom: 15px;\n    }\n    \n    \n<\/style>\t\t\t\t<\/div>\n\t\t\t\t<\/div>\n\t\t\t\t<\/div>\n\t\t<div class=\"elementor-element elementor-element-3e600739 e-flex e-con-boxed e-con e-parent\" data-id=\"3e600739\" data-element_type=\"container\">\n\t\t\t\t\t<div class=\"e-con-inner\">\n\t\t\t\t<div class=\"elementor-element elementor-element-505cc40c elementor-widget elementor-widget-shortcode\" data-id=\"505cc40c\" data-element_type=\"widget\" data-widget_type=\"shortcode.default\">\n\t\t\t\t<div class=\"elementor-widget-container\">\n\t\t\t\t\t\t\t<div class=\"elementor-shortcode\"><nav aria-label=\"breadcrumbs\" class=\"rank-math-breadcrumb\"><p><span class=\"last\">Home<\/span><\/p><\/nav><\/div>\n\t\t\t\t\t\t<\/div>\n\t\t\t\t<\/div>\n\t\t\t\t\t<\/div>\n\t\t\t\t<\/div>\n\t\t<div class=\"elementor-element elementor-element-157e8d69 e-con-full e-flex e-con e-parent\" data-id=\"157e8d69\" data-element_type=\"container\">\n\t\t<div class=\"elementor-element elementor-element-2cb9a819 e-flex e-con-boxed e-con e-child\" data-id=\"2cb9a819\" data-element_type=\"container\">\n\t\t\t\t\t<div class=\"e-con-inner\">\n\t\t<div class=\"elementor-element elementor-element-48f87073 e-con-full e-flex e-con e-child\" data-id=\"48f87073\" data-element_type=\"container\">\n\t\t\t\t<div class=\"elementor-element elementor-element-a8e576a elementor-widget elementor-widget-heading\" data-id=\"a8e576a\" data-element_type=\"widget\" data-widget_type=\"heading.default\">\n\t\t\t\t<div class=\"elementor-widget-container\">\n\t\t\t\t\t<h1 class=\"elementor-heading-title elementor-size-default\">Mamografia com Tomoss\u00edntese pela ADSE<\/h1>\t\t\t\t<\/div>\n\t\t\t\t<\/div>\n\t\t\t\t<\/div>\n\t\t\t\t\t<\/div>\n\t\t\t\t<\/div>\n\t\t<div class=\"elementor-element elementor-element-754a422b e-con-full elementor-hidden-mobile e-flex e-con e-child\" data-id=\"754a422b\" data-element_type=\"container\" data-settings=\"{&quot;position&quot;:&quot;absolute&quot;}\">\n\t\t\t\t<\/div>\n\t\t\t\t<\/div>\n\t\t<div class=\"elementor-element elementor-element-e3ec724 e-flex e-con-boxed e-con e-parent\" data-id=\"e3ec724\" data-element_type=\"container\">\n\t\t\t\t\t<div class=\"e-con-inner\">\n\t\t\t\t<div class=\"elementor-element elementor-element-9cb2d0a elementor-widget elementor-widget-text-editor\" data-id=\"9cb2d0a\" data-element_type=\"widget\" data-widget_type=\"text-editor.default\">\n\t\t\t\t<div class=\"elementor-widget-container\">\n\t\t\t\t\t\t\t\t\t<p>A <a href=\"https:\/\/www.xclinic.pt\/exames\/mamografia-3d-tomossintese\"><strong data-start=\"363\" data-end=\"409\">Mamografia com Tomoss\u00edntese (3D) <\/strong><\/a>\u00e9 um exame de diagn\u00f3stico avan\u00e7ado que permite a dete\u00e7\u00e3o precoce do cancro da mama com maior precis\u00e3o, beneficiando <strong>de comparticipa\u00e7\u00e3o ao abrigo do subsistema de sa\u00fade ADSE<\/strong>.<\/p><p>A <strong>X-Clinic<\/strong>, situada em Lisboa (junto \u00e0s Amoreiras), tem <strong>acordo com a ADSE<\/strong> para a realiza\u00e7\u00e3o deste exame.<\/p><h2>Qual o pre\u00e7o da Mamografia com Tomoss\u00edntese pela ADSE?<\/h2><p>O pre\u00e7o da Mamografia com Tomoss\u00edntese pela <strong>ADSE<\/strong> na X-Clinic \u00e9 de <strong>16 \u20ac<\/strong>.<\/p><h2 data-start=\"2831\" data-end=\"2884\">Como marcar Mamografia com Tomoss\u00edntese pela ADSE?<\/h2><p data-start=\"2886\" data-end=\"2955\">Para realizar a sua mamografia com tomoss\u00edntese pela ADSE, basta:<\/p><ol data-start=\"2957\" data-end=\"3159\"><li data-start=\"2957\" data-end=\"3013\"><p data-start=\"2960\" data-end=\"3013\">Ter prescri\u00e7\u00e3o m\u00e9dica;<\/p><\/li><li data-start=\"3014\" data-end=\"3076\"><p data-start=\"3017\" data-end=\"3076\">Indicar que \u00e9 benefici\u00e1ria da ADSE no momento da <a href=\"https:\/\/www.xclinic.pt\/marcacoes\">marca\u00e7\u00e3o<\/a>;<\/p><\/li><li data-start=\"3077\" data-end=\"3159\"><p data-start=\"3080\" data-end=\"3159\">Comparecer no dia do exame com o seu cart\u00e3o ADSE e documento de identifica\u00e7\u00e3o.<\/p><\/li><\/ol><h2 data-start=\"3257\" data-end=\"3319\">Onde fazer Mamografia com Tomoss\u00edntese pela ADSE em Lisboa?<\/h2><p data-start=\"3321\" data-end=\"3490\">A mamografia com tomoss\u00edntese pode ser realizada nas instala\u00e7\u00f5es da X-Clinic, em Lisboa, com equipamentos modernos e profissionais especializados em imagiologia mam\u00e1ria.<\/p><p data-start=\"3492\" data-end=\"3556\">\ud83d\udccd<b> <\/b>Av. Eng. Duarte Pacheco, n\u00ba26 \u2013 Piso interm\u00e9dio, 1070-110 Lisboa<\/p><p data-start=\"3492\" data-end=\"3556\"><strong>Hor\u00e1rio:<\/strong> Segunda a Sexta das 8:30 \u00e0s 19:00<\/p><p data-start=\"3492\" data-end=\"3556\"><strong>Estacionamento:<\/strong> Centro Comercial Amoreiras<\/p>\t\t\t\t\t\t\t\t<\/div>\n\t\t\t\t<\/div>\n\t\t\t\t\t<\/div>\n\t\t\t\t<\/div>\n\t\t<div class=\"elementor-element elementor-element-c5322cb e-flex e-con-boxed e-con e-parent\" data-id=\"c5322cb\" data-element_type=\"container\">\n\t\t\t\t\t<div class=\"e-con-inner\">\n\t\t\t\t<div class=\"elementor-element elementor-element-c98d0ec elementor-align-justify elementor-widget__width-initial elementor-widget elementor-widget-button\" data-id=\"c98d0ec\" data-element_type=\"widget\" data-widget_type=\"button.default\">\n\t\t\t\t<div class=\"elementor-widget-container\">\n\t\t\t\t\t\t\t\t\t<div class=\"elementor-button-wrapper\">\n\t\t\t\t\t<a class=\"elementor-button elementor-button-link elementor-size-sm\" href=\"\/marcacoes\" id=\"exames-marcacao-btn\">\n\t\t\t\t\t\t<span class=\"elementor-button-content-wrapper\">\n\t\t\t\t\t\t\t\t\t<span class=\"elementor-button-text\">Agendar exame<\/span>\n\t\t\t\t\t<\/span>\n\t\t\t\t\t<\/a>\n\t\t\t\t<\/div>\n\t\t\t\t\t\t\t\t<\/div>\n\t\t\t\t<\/div>\n\t\t\t\t<div class=\"elementor-element elementor-element-7b431ed7 elementor-widget elementor-widget-html\" data-id=\"7b431ed7\" data-element_type=\"widget\" data-widget_type=\"html.default\">\n\t\t\t\t<div class=\"elementor-widget-container\">\n\t\t\t\t\t<script>\r\n\r\n\r\n    document.addEventListener('DOMContentLoaded', function() {\r\n        if (typeof MyScriptData !== 'undefined') {\r\n            \r\n            var postName = MyScriptData.post_name;\r\n            var hrefLink = \"\/marcacoes?tipo_de_marcacao=exame&exame=\" + postName;\r\n            var btn = document.getElementById('exames-marcacao-btn');\r\n            \r\n            btn.href = hrefLink;\r\n\r\n        }\r\n    });\r\n    \r\n    \r\n\r\n\r\n<\/script>\t\t\t\t<\/div>\n\t\t\t\t<\/div>\n\t\t\t\t\t<\/div>\n\t\t\t\t<\/div>\n\t\t\t\t<\/div>\n\t\t","protected":false},"excerpt":{"rendered":"<p>A Mamografia com Tomoss\u00edntese (3D) \u00e9 um exame de diagn\u00f3stico avan\u00e7ado que permite a dete\u00e7\u00e3o precoce do cancro da mama com maior precis\u00e3o, beneficiando de comparticipa\u00e7\u00e3o ao abrigo do subsistema de sa\u00fade ADSE. A X-Clinic, situada em Lisboa (junto \u00e0s Amoreiras), tem acordo com a ADSE para a realiza\u00e7\u00e3o deste exame. Qual o pre\u00e7o da [&hellip;]<\/p>\n","protected":false},"author":2,"featured_media":0,"parent":834,"menu_order":0,"comment_status":"closed","ping_status":"closed","template":"","meta":{"_acf_changed":false,"inline_featured_image":false,"footnotes":""},"class_list":["post-3427","page","type-page","status-publish","hentry"],"acf":[],"_links":{"self":[{"href":"https:\/\/www.xclinic.pt\/en\/wp-json\/wp\/v2\/pages\/3427","targetHints":{"allow":["GET"]}}],"collection":[{"href":"https:\/\/www.xclinic.pt\/en\/wp-json\/wp\/v2\/pages"}],"about":[{"href":"https:\/\/www.xclinic.pt\/en\/wp-json\/wp\/v2\/types\/page"}],"author":[{"embeddable":true,"href":"https:\/\/www.xclinic.pt\/en\/wp-json\/wp\/v2\/users\/2"}],"replies":[{"embeddable":true,"href":"https:\/\/www.xclinic.pt\/en\/wp-json\/wp\/v2\/comments?post=3427"}],"version-history":[{"count":16,"href":"https:\/\/www.xclinic.pt\/en\/wp-json\/wp\/v2\/pages\/3427\/revisions"}],"predecessor-version":[{"id":3467,"href":"https:\/\/www.xclinic.pt\/en\/wp-json\/wp\/v2\/pages\/3427\/revisions\/3467"}],"up":[{"embeddable":true,"href":"https:\/\/www.xclinic.pt\/en\/wp-json\/wp\/v2\/pages\/834"}],"wp:attachment":[{"href":"https:\/\/www.xclinic.pt\/en\/wp-json\/wp\/v2\/media?parent=3427"}],"curies":[{"name":"wp","href":"https:\/\/api.w.org\/{rel}","templated":true}]}}